{"id":457,"date":"2018-12-13T16:39:33","date_gmt":"2018-12-13T16:39:33","guid":{"rendered":"http:\/\/toursmexicocity.com\/politicas-de-cookies\/"},"modified":"2024-07-23T09:45:39","modified_gmt":"2024-07-23T09:45:39","slug":"politicas-de-cookies","status":"publish","type":"page","link":"https:\/\/toursmexicocity.com\/es\/politicas-de-cookies\/","title":{"rendered":"Politicas de Cookies"},"content":{"rendered":"<p>En esta web recopilamos y utilizamos la informaci\u00f3n seg\u00fan indicamos en nuestra pol\u00edtica de privacidad. Una de las formas en las que recopilamos informaci\u00f3n es a trav\u00e9s del uso de la tecnolog\u00eda llamada \u201ccookies\u201d. En <a href=\"http:\/\/toursmexicocity.com\">toursmexicocity.com<\/a>, utilizamos cookies para varias cosas.<\/p>\n<p><strong>\u00bfQu\u00e9 es una cookie?<\/strong><\/p>\n<p>Una cookie es un archivo que se almacena en el navegador del usuario mientras se navega por diferentes sitios web. Este archivo permite obtener informaci\u00f3n sobre las preferencias del usuario y sus pautas de navegaci\u00f3n. Una cookie no es un virus, troyano o spam.<\/p>\n<p>Las cookies no suelen almacenar informaci\u00f3n sensible sobre usted, como tarjetas de cr\u00e9dito o datos bancarios, fotograf\u00edas o informaci\u00f3n personal, etc. Los datos que guardan son de car\u00e1cter t\u00e9cnico, estad\u00edsticos, preferencias personales, personalizaci\u00f3n de contenidos, etc.<\/p>\n<p>\u00bfQu\u00e9 tipo de cookies existen?<\/p>\n<ul>\n<li><strong>Cookies t\u00e9cnicas:<\/strong>Son las m\u00e1s elementales y permiten, entre otras cosas, saber cu\u00e1ndo est\u00e1 navegando un humano o una aplicaci\u00f3n automatizada, cu\u00e1ndo navega un usuario an\u00f3nimo y uno registrado, tareas b\u00e1sicas para el funcionamiento de cualquier web din\u00e1mica.<\/li>\n<li><strong>Cookies de an\u00e1lisis:<\/strong>Recogen informaci\u00f3n sobre el tipo de navegaci\u00f3n que est\u00e1 realizando, las secciones que m\u00e1s utiliza, productos consultados, franja horaria de uso, idioma, etc.<\/li>\n<li><strong>Cookies publicitarias:<\/strong>Muestran publicidad en funci\u00f3n de su navegaci\u00f3n, su pa\u00eds de procedencia, idioma, etc.<\/li>\n<\/ul>\n<p>\u00bfQu\u00e9 son las cookies propias y las de terceros?<\/p>\n<p>Las cookies propias son las generadas por la p\u00e1gina que est\u00e1 visitando y las de terceros son las generadas por servicios o proveedores externos como Mailchimp, Mailrelay, Facebook, Twitter, Google adsense, etc.<\/p>\n<p>Cookies utilizadas en <a href=\"http:\/\/toursmexicocity.com\">toursmexicocity.com<\/a><\/p>\n<p>Esta web utiliza cookies propias y de terceros. En este sitio web se utilizan las siguientes cookies que se detallan a continuaci\u00f3n:<\/p>\n<p>Cookies propias: * Revisar en funci\u00f3n de la web<\/p>\n<p>Lista de cookies:<\/p>\n<p><strong>Inicio de sesi\u00f3n:<\/strong>\u00a0Estas cookies permiten recordar el nombre de usuario y la contrase\u00f1a.<\/p>\n<p><strong>Personalizaci\u00f3n:<\/strong>\u00a0Estas cookies permiten recordar con qu\u00e9 personas o sitios web interact\u00faa el usuario.<\/p>\n<p><strong>Preferencias: <\/strong>Recuerdan ajustes y preferencias, como el idioma preferido y tu configuraci\u00f3n de privacidad.<\/p>\n<p><strong>Seguridad:<\/strong> En <a href=\"http:\/\/toursmexicocity.com\">toursmexicocity.com<\/a> utilizamos cookies para evitar riesgos de seguridad.<\/p>\n<p>Cookies de terceros<\/p>\n<p><a href=\"http:\/\/toursmexicocity.com\">toursmexicocity.com<\/a> utiliza servicios de an\u00e1lisis, como Google Analytics, para analizar el uso que hacen los usuarios del sitio web y mejorar la usabilidad del mismo, pero en ning\u00fan caso se asocian a datos que pudieran llegar a identificar al usuario. Google Analytics es un servicio anal\u00edtico de web prestado por Google, Inc., Se pueden consultar <u><a href=\"https:\/\/www.google.es\/intl\/es\/policies\/technologies\/types\/\">aqu\u00ed<\/a><\/u>\u00a0el tipo de cookies utilizadas por Google.<\/p>\n<p><a href=\"http:\/\/toursmexicocity.com\">toursmexicocity.com<\/a> es usuario de la plataforma de suministro y alojamiento de blogs <strong>WordPress<\/strong>, propiedad de la empresa norteamericana Automattic, Inc. A tales efectos, los usos de tales cookies por los sistemas nunca est\u00e1n bajo control o gesti\u00f3n del responsable de la web, pueden cambiar su funci\u00f3n en cualquier momento, y entrar cookies nuevas. Estas cookies tampoco reportan al responsable de esta web beneficio alguno. Automattic, Inc., utiliza adem\u00e1s otras cookies con la finalidad de ayudar a identificar y rastrear a los visitantes de los sitios de\u00a0<strong>WordPress<\/strong>, conocer el uso que hacen del sitio web de Autom\u00e1tica, as\u00ed como sus preferencias de acceso al mismo, tal y como se recoge en el apartado \u201cCookies\u201d de su pol\u00edtica de privacidad.<\/p>\n<p>Las cookies de redes sociales pueden almacenarse en su navegador mientras navega por P\u00c1GINA WEB, por ejemplo, cuando utiliza el bot\u00f3n de compartir contenidos de <a href=\"http:\/\/toursmexicocity.com\">toursmexicocity.com<\/a> en alguna red social. A continuaci\u00f3n tienes informaci\u00f3n sobre las cookies de las redes sociales que utiliza esta web en sus propias pol\u00edticas de cookies:<\/p>\n<ul>\n<li>Cookies de Facebook, ver m\u00e1s informaci\u00f3n en su\u00a0<u><a href=\"https:\/\/www.facebook.com\/policies\/cookies\/\">pol\u00edtica de cookies<\/a><\/u><\/li>\n<li>Cookies de Twitter, ver m\u00e1s informaci\u00f3n en su\u00a0<u><a href=\"https:\/\/twitter.com\/es\/privacy\/\">pol\u00edtica de cookies<\/a><\/u><\/li>\n<li>Cookies de Google+, ver m\u00e1s informaci\u00f3n en su\u00a0<u><a href=\"http:\/\/www.google.com\/intl\/es\/policies\/technologies\/types\/\">pol\u00edtica de cookies<\/a><\/u><\/li>\n<li>Cookies de LinkedIn, ver m\u00e1s informaci\u00f3n en su <u><a href=\"https:\/\/www.linkedin.com\/legal\/cookie-policy?trk=hp-cookies\/\">pol\u00edtica de cookies<\/a><\/u><\/li>\n<li>Cookies de YouTube, ver m\u00e1s informaci\u00f3n en su <u><a href=\"http:\/\/www.google.com\/intl\/es\/policies\/technologies\/types\/\">pol\u00edtica de cookies<\/a><\/u><\/li>\n<\/ul>\n<p>*Llevamos a cabo acciones de remarketing mediante\u00a0<strong>Google AdWords<\/strong>, que utiliza las cookies para ayudarnos a ofrecer anuncios en l\u00ednea espec\u00edfico basado en visitas anteriores a nuestro sitio web.\u00a0<strong>Google<\/strong> utiliza esta informaci\u00f3n para mostrar anuncios en varios sitios web de terceros a trav\u00e9s de Internet. Estas cookies est\u00e1n a punto de expirar y no contienen informaci\u00f3n que pueda identificarle personalmente. Por favor, dir\u00edgete a la\u00a0<u><a href=\"https:\/\/policies.google.com\/\">publicidad de Google Aviso de privacidad<\/a><\/u>\u00a0para obtener m\u00e1s informaci\u00f3n.<\/p>\n<p>*Llevamos a cabo acciones de remarketing mediante <b>Facebook Ads<\/b>, que utiliza las cookies para ayudarnos a ofrecer anuncios en l\u00ednea espec\u00edfico basado en visitas anteriores a nuestro sitio web.<\/p>\n<p><strong>C\u00f3mo eliminar las cookies<\/strong><\/p>\n<p>El usuario puede eliminar y bloquear las cookies de forma general o particular para un dominio espec\u00edfico. Esto se realiza desde la configuraci\u00f3n del navegador:<\/p>\n<ul>\n<li>Configuraci\u00f3n de cookies para\u00a0<u><a href=\"https:\/\/support.google.com\/chrome\/answer\/95647?hl=es\">Google Chrome<\/a><\/u><\/li>\n<li>Configuraci\u00f3n de cookies para\u00a0<u><a href=\"https:\/\/support.apple.com\/es-es\/HT201265\">Apple Safari<\/a><\/u><\/li>\n<li>Configuraci\u00f3n de cookies para\u00a0<u><a href=\"https:\/\/support.microsoft.com\/en-us\">Internet Explorer<\/a><\/u><\/li>\n<li>Configuraci\u00f3n de cookies para\u00a0<u><a href=\"https:\/\/support.mozilla.org\/es\/kb\/habilitar-y-deshabilitar-cookies-sitios-web-rastrear-preferencias?redirectlocale=es&amp;redirectslug=habilitar-y-deshabilitar-cookies-que-los-sitios-we\">Mozilla Firefox<\/a><\/u><\/li>\n<\/ul>\n<p><strong>M\u00e1s informaci\u00f3n sobre las cookies<\/strong><\/p>\n<p>Puedes consultar el reglamento sobre cookies publicado por la Agencia Espa\u00f1ola de Protecci\u00f3n de Datos en su \u201cGu\u00eda sobre el uso de las cookies\u201d y obtener m\u00e1s informaci\u00f3n sobre las cookies en Internet,\u00a0<u><a href=\"https:\/\/www.aboutcookies.org\/\">https:\/\/www.aboutcookies.org\/<\/a><\/u><\/p>\n<p>Si desea tener un mayor control sobre la instalaci\u00f3n de cookies, puede instalar programas o complementos a su navegador, conocidos como herramientas de \u201cDo Not Track\u201d, que le permitir\u00e1n escoger aquellas cookies que desea permitir.<\/p>\n<p>Esta pol\u00edtica de cookies ha sido actualizada por \u00faltima vez el 04-10-2018.<\/p>\n","protected":false},"excerpt":{"rendered":"<p>En esta web recopilamos y utilizamos la informaci\u00f3n seg\u00fan indicamos en nuestra pol\u00edtica de privacidad. Una de las formas en las que recopilamos informaci\u00f3n es a trav\u00e9s del uso de la tecnolog\u00eda llamada \u201ccookies\u201d. En toursmexicocity.com, utilizamos cookies para varias cosas. \u00bfQu\u00e9 es una cookie? Una cookie es un archivo que se almacena en el [&hellip;]<\/p>\n","protected":false},"author":1,"featured_media":0,"parent":0,"menu_order":0,"comment_status":"closed","ping_status":"closed","template":"","meta":{"site-sidebar-layout":"default","site-content-layout":"default","ast-site-content-layout":"default","site-content-style":"default","site-sidebar-style":"default","ast-global-header-display":"","ast-banner-title-visibility":"","ast-main-header-display":"","ast-hfb-above-header-display":"disabled","ast-hfb-below-header-display":"","ast-hfb-mobile-header-display":"","site-post-title":"","ast-breadcrumbs-content":"","ast-featured-img":"","footer-sml-layout":"","theme-transparent-header-meta":"default","adv-header-id-meta":"","stick-header-meta":"","header-above-stick-meta":"","header-main-stick-meta":"","header-below-stick-meta":"","astra-migrate-meta-layouts":"set","ast-page-background-enabled":"default","ast-page-background-meta":{"desktop":{"background-color":"","background-image":"","background-repeat":"repeat","background-position":"center center","background-size":"auto","background-attachment":"scroll","background-type":"","background-media":"","overlay-type":"","overlay-color":"","overlay-opacity":"","overlay-gradient":""},"tablet":{"background-color":"","background-image":"","background-repeat":"repeat","background-position":"center center","background-size":"auto","background-attachment":"scroll","background-type":"","background-media":"","overlay-type":"","overlay-color":"","overlay-opacity":"","overlay-gradient":""},"mobile":{"background-color":"","background-image":"","background-repeat":"repeat","background-position":"center center","background-size":"auto","background-attachment":"scroll","background-type":"","background-media":"","overlay-type":"","overlay-color":"","overlay-opacity":"","overlay-gradient":""}},"ast-content-background-meta":{"desktop":{"background-color":"var(--ast-global-color-5)","background-image":"","background-repeat":"repeat","background-position":"center center","background-size":"auto","background-attachment":"scroll","background-type":"","background-media":"","overlay-type":"","overlay-color":"","overlay-opacity":"","overlay-gradient":""},"tablet":{"background-color":"var(--ast-global-color-5)","background-image":"","background-repeat":"repeat","background-position":"center center","background-size":"auto","background-attachment":"scroll","background-type":"","background-media":"","overlay-type":"","overlay-color":"","overlay-opacity":"","overlay-gradient":""},"mobile":{"background-color":"var(--ast-global-color-5)","background-image":"","background-repeat":"repeat","background-position":"center center","background-size":"auto","background-attachment":"scroll","background-type":"","background-media":"","overlay-type":"","overlay-color":"","overlay-opacity":"","overlay-gradient":""}},"_joinchat":[],"footnotes":""},"class_list":["post-457","page","type-page","status-publish","hentry"],"yoast_head":"<!-- This site is optimized with the Yoast SEO plugin v25.8 - https:\/\/yoast.com\/wordpress\/plugins\/seo\/ -->\n<title>Politicas de Cookies | Exotik City Tours<\/title>\n<meta name=\"robots\" content=\"noindex, follow\" \/>\n<meta property=\"og:locale\" content=\"es_ES\" \/>\n<meta property=\"og:type\" content=\"article\" \/>\n<meta property=\"og:title\" content=\"Politicas de Cookies | Exotik City Tours\" \/>\n<meta property=\"og:description\" content=\"En esta web recopilamos y utilizamos la informaci\u00f3n seg\u00fan indicamos en nuestra pol\u00edtica de privacidad. Una de las formas en las que recopilamos informaci\u00f3n es a trav\u00e9s del uso de la tecnolog\u00eda llamada \u201ccookies\u201d. En toursmexicocity.com, utilizamos cookies para varias cosas. \u00bfQu\u00e9 es una cookie? Una cookie es un archivo que se almacena en el [&hellip;]\" \/>\n<meta property=\"og:url\" content=\"https:\/\/toursmexicocity.com\/es\/politicas-de-cookies\/\" \/>\n<meta property=\"og:site_name\" content=\"Exotik City Tours\" \/>\n<meta property=\"article:publisher\" content=\"https:\/\/www.facebook.com\/exotikcitytours\/\" \/>\n<meta property=\"article:modified_time\" content=\"2024-07-23T09:45:39+00:00\" \/>\n<meta property=\"og:image\" content=\"https:\/\/toursmexicocity.com\/wp-content\/uploads\/2023\/06\/Logo-Exotik-City.png\" \/>\n\t<meta property=\"og:image:width\" content=\"145\" \/>\n\t<meta property=\"og:image:height\" content=\"75\" \/>\n\t<meta property=\"og:image:type\" content=\"image\/png\" \/>\n<meta name=\"twitter:card\" content=\"summary_large_image\" \/>\n<meta name=\"twitter:label1\" content=\"Tiempo de lectura\" \/>\n\t<meta name=\"twitter:data1\" content=\"4 minutos\" \/>\n<script type=\"application\/ld+json\" class=\"yoast-schema-graph\">{\"@context\":\"https:\/\/schema.org\",\"@graph\":[{\"@type\":\"WebPage\",\"@id\":\"https:\/\/toursmexicocity.com\/es\/politicas-de-cookies\/\",\"url\":\"https:\/\/toursmexicocity.com\/es\/politicas-de-cookies\/\",\"name\":\"Politicas de Cookies | Exotik City Tours\",\"isPartOf\":{\"@id\":\"https:\/\/toursmexicocity.com\/#website\"},\"datePublished\":\"2018-12-13T16:39:33+00:00\",\"dateModified\":\"2024-07-23T09:45:39+00:00\",\"breadcrumb\":{\"@id\":\"https:\/\/toursmexicocity.com\/es\/politicas-de-cookies\/#breadcrumb\"},\"inLanguage\":\"es\",\"potentialAction\":[{\"@type\":\"ReadAction\",\"target\":[\"https:\/\/toursmexicocity.com\/es\/politicas-de-cookies\/\"]}]},{\"@type\":\"BreadcrumbList\",\"@id\":\"https:\/\/toursmexicocity.com\/es\/politicas-de-cookies\/#breadcrumb\",\"itemListElement\":[{\"@type\":\"ListItem\",\"position\":1,\"name\":\"Home\",\"item\":\"https:\/\/toursmexicocity.com\/es\/\"},{\"@type\":\"ListItem\",\"position\":2,\"name\":\"Politicas de Cookies\"}]},{\"@type\":\"WebSite\",\"@id\":\"https:\/\/toursmexicocity.com\/#website\",\"url\":\"https:\/\/toursmexicocity.com\/\",\"name\":\"Mexico City Tours\",\"description\":\"Tours en Ciudad de M\u00e9xico\",\"publisher\":{\"@id\":\"https:\/\/toursmexicocity.com\/#organization\"},\"alternateName\":\"Exotik City Tours\",\"potentialAction\":[{\"@type\":\"SearchAction\",\"target\":{\"@type\":\"EntryPoint\",\"urlTemplate\":\"https:\/\/toursmexicocity.com\/?s={search_term_string}\"},\"query-input\":{\"@type\":\"PropertyValueSpecification\",\"valueRequired\":true,\"valueName\":\"search_term_string\"}}],\"inLanguage\":\"es\"},{\"@type\":\"Organization\",\"@id\":\"https:\/\/toursmexicocity.com\/#organization\",\"name\":\"Mexico City Tours\",\"alternateName\":\"Exotik City Tours\",\"url\":\"https:\/\/toursmexicocity.com\/\",\"logo\":{\"@type\":\"ImageObject\",\"inLanguage\":\"es\",\"@id\":\"https:\/\/toursmexicocity.com\/#\/schema\/logo\/image\/\",\"url\":\"https:\/\/toursmexicocity.com\/wp-content\/uploads\/2023\/06\/Logo-Exotik-City.png\",\"contentUrl\":\"https:\/\/toursmexicocity.com\/wp-content\/uploads\/2023\/06\/Logo-Exotik-City.png\",\"width\":145,\"height\":75,\"caption\":\"Mexico City Tours\"},\"image\":{\"@id\":\"https:\/\/toursmexicocity.com\/#\/schema\/logo\/image\/\"},\"sameAs\":[\"https:\/\/www.facebook.com\/exotikcitytours\/\",\"https:\/\/www.instagram.com\/exotikcitytours\/\"]}]}<\/script>\n<!-- \/ Yoast SEO plugin. -->","yoast_head_json":{"title":"Politicas de Cookies | Exotik City Tours","robots":{"index":"noindex","follow":"follow"},"og_locale":"es_ES","og_type":"article","og_title":"Politicas de Cookies | Exotik City Tours","og_description":"En esta web recopilamos y utilizamos la informaci\u00f3n seg\u00fan indicamos en nuestra pol\u00edtica de privacidad. Una de las formas en las que recopilamos informaci\u00f3n es a trav\u00e9s del uso de la tecnolog\u00eda llamada \u201ccookies\u201d. En toursmexicocity.com, utilizamos cookies para varias cosas. \u00bfQu\u00e9 es una cookie? Una cookie es un archivo que se almacena en el [&hellip;]","og_url":"https:\/\/toursmexicocity.com\/es\/politicas-de-cookies\/","og_site_name":"Exotik City Tours","article_publisher":"https:\/\/www.facebook.com\/exotikcitytours\/","article_modified_time":"2024-07-23T09:45:39+00:00","og_image":[{"width":145,"height":75,"url":"https:\/\/toursmexicocity.com\/wp-content\/uploads\/2023\/06\/Logo-Exotik-City.png","type":"image\/png"}],"twitter_card":"summary_large_image","twitter_misc":{"Tiempo de lectura":"4 minutos"},"schema":{"@context":"https:\/\/schema.org","@graph":[{"@type":"WebPage","@id":"https:\/\/toursmexicocity.com\/es\/politicas-de-cookies\/","url":"https:\/\/toursmexicocity.com\/es\/politicas-de-cookies\/","name":"Politicas de Cookies | Exotik City Tours","isPartOf":{"@id":"https:\/\/toursmexicocity.com\/#website"},"datePublished":"2018-12-13T16:39:33+00:00","dateModified":"2024-07-23T09:45:39+00:00","breadcrumb":{"@id":"https:\/\/toursmexicocity.com\/es\/politicas-de-cookies\/#breadcrumb"},"inLanguage":"es","potentialAction":[{"@type":"ReadAction","target":["https:\/\/toursmexicocity.com\/es\/politicas-de-cookies\/"]}]},{"@type":"BreadcrumbList","@id":"https:\/\/toursmexicocity.com\/es\/politicas-de-cookies\/#breadcrumb","itemListElement":[{"@type":"ListItem","position":1,"name":"Home","item":"https:\/\/toursmexicocity.com\/es\/"},{"@type":"ListItem","position":2,"name":"Politicas de Cookies"}]},{"@type":"WebSite","@id":"https:\/\/toursmexicocity.com\/#website","url":"https:\/\/toursmexicocity.com\/","name":"Mexico City Tours","description":"Tours en Ciudad de M\u00e9xico","publisher":{"@id":"https:\/\/toursmexicocity.com\/#organization"},"alternateName":"Exotik City Tours","potentialAction":[{"@type":"SearchAction","target":{"@type":"EntryPoint","urlTemplate":"https:\/\/toursmexicocity.com\/?s={search_term_string}"},"query-input":{"@type":"PropertyValueSpecification","valueRequired":true,"valueName":"search_term_string"}}],"inLanguage":"es"},{"@type":"Organization","@id":"https:\/\/toursmexicocity.com\/#organization","name":"Mexico City Tours","alternateName":"Exotik City Tours","url":"https:\/\/toursmexicocity.com\/","logo":{"@type":"ImageObject","inLanguage":"es","@id":"https:\/\/toursmexicocity.com\/#\/schema\/logo\/image\/","url":"https:\/\/toursmexicocity.com\/wp-content\/uploads\/2023\/06\/Logo-Exotik-City.png","contentUrl":"https:\/\/toursmexicocity.com\/wp-content\/uploads\/2023\/06\/Logo-Exotik-City.png","width":145,"height":75,"caption":"Mexico City Tours"},"image":{"@id":"https:\/\/toursmexicocity.com\/#\/schema\/logo\/image\/"},"sameAs":["https:\/\/www.facebook.com\/exotikcitytours\/","https:\/\/www.instagram.com\/exotikcitytours\/"]}]}},"_links":{"self":[{"href":"https:\/\/toursmexicocity.com\/es\/wp-json\/wp\/v2\/pages\/457","targetHints":{"allow":["GET"]}}],"collection":[{"href":"https:\/\/toursmexicocity.com\/es\/wp-json\/wp\/v2\/pages"}],"about":[{"href":"https:\/\/toursmexicocity.com\/es\/wp-json\/wp\/v2\/types\/page"}],"author":[{"embeddable":true,"href":"https:\/\/toursmexicocity.com\/es\/wp-json\/wp\/v2\/users\/1"}],"replies":[{"embeddable":true,"href":"https:\/\/toursmexicocity.com\/es\/wp-json\/wp\/v2\/comments?post=457"}],"version-history":[{"count":4,"href":"https:\/\/toursmexicocity.com\/es\/wp-json\/wp\/v2\/pages\/457\/revisions"}],"predecessor-version":[{"id":23198,"href":"https:\/\/toursmexicocity.com\/es\/wp-json\/wp\/v2\/pages\/457\/revisions\/23198"}],"wp:attachment":[{"href":"https:\/\/toursmexicocity.com\/es\/wp-json\/wp\/v2\/media?parent=457"}],"curies":[{"name":"wp","href":"https:\/\/api.w.org\/{rel}","templated":true}]}}